{"id":10,"date":"2022-07-14T11:58:58","date_gmt":"2022-07-14T09:58:58","guid":{"rendered":"https:\/\/www.fne23.fr\/?page_id=10"},"modified":"2024-04-14T09:04:37","modified_gmt":"2024-04-14T07:04:37","slug":"bienvenue-sur-le-site-de-france-nature-environnement-creuse","status":"publish","type":"page","link":"https:\/\/www.fne23.fr\/","title":{"rendered":"Bienvenue sur le site de France Nature Environnement Creuse"},"content":{"rendered":"\r\n<div class=\"wp-block-columns is-layout-flex wp-container-core-columns-is-layout-9d6595d7 wp-block-columns-is-layout-flex\">\r\n<div class=\"wp-block-column is-layout-flow wp-block-column-is-layout-flow\">\r\n<figure class=\"wp-block-image size-large\"><img loading=\"lazy\" decoding=\"async\" width=\"1024\" height=\"683\" class=\"wp-image-30\" src=\"https:\/\/www.fne23.fr\/wp-content\/uploads\/2022\/07\/abeille-1024x683.jpg\" alt=\"\" srcset=\"https:\/\/www.fne23.fr\/wp-content\/uploads\/2022\/07\/abeille-1024x683.jpg 1024w, https:\/\/www.fne23.fr\/wp-content\/uploads\/2022\/07\/abeille-300x200.jpg 300w, https:\/\/www.fne23.fr\/wp-content\/uploads\/2022\/07\/abeille-768x512.jpg 768w, https:\/\/www.fne23.fr\/wp-content\/uploads\/2022\/07\/abeille-1536x1024.jpg 1536w, https:\/\/www.fne23.fr\/wp-content\/uploads\/2022\/07\/abeille-2048x1365.jpg 2048w, https:\/\/www.fne23.fr\/wp-content\/uploads\/2022\/07\/abeille-1x1.jpg 1w\" sizes=\"auto, (max-width: 1024px) 100vw, 1024px\" \/><\/figure>\r\n\r\n\r\n\r\n<figure class=\"wp-block-pullquote\">\r\n<blockquote>\r\n<h3>Penser global et agir local<\/h3>\r\n<h3><cite>Jacques ELLUL<\/cite><\/h3>\r\n<\/blockquote>\r\n<\/figure>\r\n<\/div>\r\n\r\n\r\n\r\n<div class=\"wp-block-column is-layout-flow wp-block-column-is-layout-flow\">\r\n<h2 class=\"wp-block-heading\">Qui sommes-nous?<\/h2>\r\n\r\n\r\n\r\n<div class=\"wp-block-group is-vertical is-layout-flex wp-container-core-group-is-layout-8cf370e7 wp-block-group-is-layout-flex\">\r\n<div class=\"wp-block-group is-vertical is-layout-flex wp-container-core-group-is-layout-8cf370e7 wp-block-group-is-layout-flex\">\r\n<p><strong>France Nature Environnement Creuse (FNE 23) est une f\u00e9d\u00e9ration d&rsquo;associations creusoises et d&rsquo;adh\u00e9rents individuels qui \u0153uvrent dans le domaine de l&rsquo;\u00e9tude et de la protection de la nature et de l&rsquo;environnement <\/strong>.<\/p>\r\n\r\n\r\n\r\n<p><strong>France Nature Environnement Creuse fait partie du r\u00e9seau national France Nature Environnement<\/strong><\/p>\r\n<\/div>\r\n<\/div>\r\n\r\n\r\n\r\n<p>&nbsp;<\/p>\r\n\r\n\r\n\r\n<p>&nbsp;<\/p>\r\n<\/div>\r\n<\/div>\r\n\r\n\r\n\r\n<p>.<\/p>\r\n\r\n\r\n<iframe id=\"haWidget\" allowtransparency=\"true\" src=\"https:\/\/www.helloasso.com\/associations\/france-nature-environnement-23\/collectes\/financement-participatif\/widget-vignette\" style=\"width: 350px; height: 450px; border: none;\"><\/iframe>\r\n\r\n\r\n<p>France Nature Environnement Creuse est d\u00e9clar\u00e9e en pr\u00e9fecture de Gu\u00e9ret sous le n\u00b0 W 232 005 706 et agr\u00e9e en tant qu&rsquo;association \u0153uvrant au titre de la protection de l\u2019environnement par la pr\u00e9fecture de la Creuse<\/p>\r\n","protected":false},"excerpt":{"rendered":"<p>Penser global et agir local Jacques ELLUL Qui sommes-nous? France Nature Environnement Creuse (FNE 23) est une f\u00e9d\u00e9ration d&rsquo;associations creusoises et d&rsquo;adh\u00e9rents individuels qui \u0153uvrent dans le domaine de l&rsquo;\u00e9tude et de la protection de la nature et de l&rsquo;environnement . France Nature Environnement Creuse fait partie du r\u00e9seau national France Nature Environnement &nbsp; &nbsp; [&hellip;]<\/p>\n","protected":false},"author":1,"featured_media":30,"parent":0,"menu_order":0,"comment_status":"closed","ping_status":"closed","template":"full-width.php","meta":{"_monsterinsights_skip_tracking":false,"_monsterinsights_sitenote_active":false,"_monsterinsights_sitenote_note":"","_monsterinsights_sitenote_category":0,"footnotes":""},"class_list":["post-10","page","type-page","status-publish","has-post-thumbnail","hentry"],"_links":{"self":[{"href":"https:\/\/www.fne23.fr\/index.php\/wp-json\/wp\/v2\/pages\/10","targetHints":{"allow":["GET"]}}],"collection":[{"href":"https:\/\/www.fne23.fr\/index.php\/wp-json\/wp\/v2\/pages"}],"about":[{"href":"https:\/\/www.fne23.fr\/index.php\/wp-json\/wp\/v2\/types\/page"}],"author":[{"embeddable":true,"href":"https:\/\/www.fne23.fr\/index.php\/wp-json\/wp\/v2\/users\/1"}],"replies":[{"embeddable":true,"href":"https:\/\/www.fne23.fr\/index.php\/wp-json\/wp\/v2\/comments?post=10"}],"version-history":[{"count":17,"href":"https:\/\/www.fne23.fr\/index.php\/wp-json\/wp\/v2\/pages\/10\/revisions"}],"predecessor-version":[{"id":409,"href":"https:\/\/www.fne23.fr\/index.php\/wp-json\/wp\/v2\/pages\/10\/revisions\/409"}],"wp:featuredmedia":[{"embeddable":true,"href":"https:\/\/www.fne23.fr\/index.php\/wp-json\/wp\/v2\/media\/30"}],"wp:attachment":[{"href":"https:\/\/www.fne23.fr\/index.php\/wp-json\/wp\/v2\/media?parent=10"}],"curies":[{"name":"wp","href":"https:\/\/api.w.org\/{rel}","templated":true}]}}