{"id":18,"date":"2022-07-15T16:34:35","date_gmt":"2022-07-15T14:34:35","guid":{"rendered":"https:\/\/www.fne23.fr\/?page_id=18"},"modified":"2024-04-14T08:44:19","modified_gmt":"2024-04-14T06:44:19","slug":"nos-dernieres-actualites","status":"publish","type":"page","link":"https:\/\/www.fne23.fr\/index.php\/nos-dernieres-actualites\/","title":{"rendered":"Nos derni\u00e8res actualit\u00e9s"},"content":{"rendered":"<p>FINANCEMENT PARTICIPATIF: UN M\u00c9THANISEUR INDUSTRIEL \u00c0 GU\u00c9RET<br \/>\nY\u2019A DE L\u2019EAU DANS L\u2019GAZ, RIEN N\u2019VA PLUS.<\/p>\n<p><a href=\"https:\/\/www.helloasso.com\/associations\/france-nature-environnement-23\/collectes\/financement-participatif\"><img loading=\"lazy\" decoding=\"async\" class=\"alignnone size-medium wp-image-395\" src=\"https:\/\/www.fne23.fr\/wp-content\/uploads\/2024\/04\/flyer-anti-metha-final_page-0001-211x300.jpg\" alt=\"\" width=\"211\" height=\"300\" srcset=\"https:\/\/www.fne23.fr\/wp-content\/uploads\/2024\/04\/flyer-anti-metha-final_page-0001-211x300.jpg 211w, https:\/\/www.fne23.fr\/wp-content\/uploads\/2024\/04\/flyer-anti-metha-final_page-0001-721x1024.jpg 721w, https:\/\/www.fne23.fr\/wp-content\/uploads\/2024\/04\/flyer-anti-metha-final_page-0001-768x1090.jpg 768w, https:\/\/www.fne23.fr\/wp-content\/uploads\/2024\/04\/flyer-anti-metha-final_page-0001-1x1.jpg 1w, https:\/\/www.fne23.fr\/wp-content\/uploads\/2024\/04\/flyer-anti-metha-final_page-0001.jpg 874w\" sizes=\"auto, (max-width: 211px) 100vw, 211px\" \/><\/a><\/p>\n","protected":false},"excerpt":{"rendered":"<p>FINANCEMENT PARTICIPATIF: UN M\u00c9THANISEUR INDUSTRIEL \u00c0 GU\u00c9RET Y\u2019A DE L\u2019EAU DANS L\u2019GAZ, RIEN N\u2019VA PLUS.<\/p>\n","protected":false},"author":1,"featured_media":0,"parent":0,"menu_order":0,"comment_status":"closed","ping_status":"closed","template":"","meta":{"_monsterinsights_skip_tracking":false,"_monsterinsights_sitenote_active":false,"_monsterinsights_sitenote_note":"","_monsterinsights_sitenote_category":0,"footnotes":""},"class_list":["post-18","page","type-page","status-publish","hentry"],"_links":{"self":[{"href":"https:\/\/www.fne23.fr\/index.php\/wp-json\/wp\/v2\/pages\/18","targetHints":{"allow":["GET"]}}],"collection":[{"href":"https:\/\/www.fne23.fr\/index.php\/wp-json\/wp\/v2\/pages"}],"about":[{"href":"https:\/\/www.fne23.fr\/index.php\/wp-json\/wp\/v2\/types\/page"}],"author":[{"embeddable":true,"href":"https:\/\/www.fne23.fr\/index.php\/wp-json\/wp\/v2\/users\/1"}],"replies":[{"embeddable":true,"href":"https:\/\/www.fne23.fr\/index.php\/wp-json\/wp\/v2\/comments?post=18"}],"version-history":[{"count":10,"href":"https:\/\/www.fne23.fr\/index.php\/wp-json\/wp\/v2\/pages\/18\/revisions"}],"predecessor-version":[{"id":407,"href":"https:\/\/www.fne23.fr\/index.php\/wp-json\/wp\/v2\/pages\/18\/revisions\/407"}],"wp:attachment":[{"href":"https:\/\/www.fne23.fr\/index.php\/wp-json\/wp\/v2\/media?parent=18"}],"curies":[{"name":"wp","href":"https:\/\/api.w.org\/{rel}","templated":true}]}}